{"id":2010,"date":"2021-01-26T11:10:43","date_gmt":"2021-01-26T10:10:43","guid":{"rendered":"https:\/\/www.reisemobile-kusz.de\/?page_id=2010"},"modified":"2022-05-02T17:59:25","modified_gmt":"2022-05-02T16:59:25","slug":"konfigurator","status":"publish","type":"page","link":"https:\/\/www.reisemobile-kusz.de\/en\/konfigurator\/","title":{"rendered":"Configurator"},"content":{"rendered":"<h1 class=\"av-special-heading-tag\" itemprop=\"headline\" style=\"text-align: center;\" data-pm-slice=\"1 1 []\">Stellen Sie Ihr Traum Wohnmobil im Konfigurator zusammen!<\/h1>\n<p style=\"text-align: center;\">Jetzt auf den jeweilige Hersteller klicken und loslegen. Am Ende k\u00f6nnen Sie die finale Konifguration ausdrucken und sich hierzu bei uns vor Ort beraten lassen<\/p>\n<div class=\"flex_column av_one_third  flex_column_div av-zero-column-padding\" style='border-radius:0px; '><\/div>\n\n\n\n<div style='height:75px' class='hr hr-invisible'><span class='hr-inner' ><span class='hr-inner-style'><\/span><\/span><\/div>\n\n\n<div class=\"flex_column av_one_fourth  flex_column_div av-zero-column-padding first\" style='border-radius:0px; '><p><div class='avia-image-container  av-styling-no-styling av-hover-grow   avia-align-center'  itemscope=\"itemscope\" itemtype=\"https:\/\/schema.org\/ImageObject\"  ><div class='avia-image-container-inner'><a href='https:\/\/konfigurator.knaustabbert.de\/configurator\/knaus\/de?lang=de' class='avia_image'   target=\"_blank\" ><img class='avia_image' src='https:\/\/www.reisemobile-kusz.de\/wp-content\/uploads\/csm_knaustabbert-brands-overview-knaus_fd0b280ee9-845x684.jpg' alt='' title='csm_knaustabbert-brands-overview-knaus_fd0b280ee9'  itemprop=\"thumbnailUrl\"  \/><\/a><\/div><\/div><br \/>\n<div style='height:1px; margin-top:-50px'  class='hr hr-invisible'><span class='hr-inner' ><span class='hr-inner-style'><\/span><\/span><\/div><\/p><\/div>\n\n\n<div class=\"flex_column av_one_fourth  flex_column_div av-zero-column-padding\" style='border-radius:0px; '><p><div class='avia-image-container  av-styling-no-styling av-hover-grow   avia-align-center'  itemscope=\"itemscope\" itemtype=\"https:\/\/schema.org\/ImageObject\"  ><div class='avia-image-container-inner'><a href='https:\/\/konfigurator.knaustabbert.de\/configurator\/weinsberg\/de?lang=de' class='avia_image'   target=\"_blank\" ><img class='avia_image' src='https:\/\/www.reisemobile-kusz.de\/wp-content\/uploads\/csm_knaustabbert-brands-overview-weinsberg_38b6a822cd-845x684.jpg' alt='' title='csm_knaustabbert-brands-overview-weinsberg_38b6a822cd'  itemprop=\"thumbnailUrl\"  \/><\/a><\/div><\/div><br \/>\n<div style='height:1px; margin-top:-50px'  class='hr hr-invisible'><span class='hr-inner' ><span class='hr-inner-style'><\/span><\/span><\/div><\/p><\/div>\n\n\n<div class=\"flex_column av_one_fourth  flex_column_div av-zero-column-padding\" style='border-radius:0px; '><p><div class='avia-image-container  av-styling-no-styling av-hover-grow   avia-align-center'  itemscope=\"itemscope\" itemtype=\"https:\/\/schema.org\/ImageObject\"  ><div class='avia-image-container-inner'><a href='https:\/\/konfigurator.knaustabbert.de\/configurator\/tabbert\/de?lang=de&amp;buildTypeKey=CARAVAN' class='avia_image'   target=\"_blank\" ><img class='avia_image' src='https:\/\/www.reisemobile-kusz.de\/wp-content\/uploads\/csm_knaustabbert-brands-overview-tabbert_d08e03c34a-845x684.jpg' alt='' title='csm_knaustabbert-brands-overview-tabbert_d08e03c34a'  itemprop=\"thumbnailUrl\"  \/><\/a><\/div><\/div><br \/>\n<div style='height:1px; margin-top:-50px'  class='hr hr-invisible'><span class='hr-inner' ><span class='hr-inner-style'><\/span><\/span><\/div><\/p><\/div>\n\n\n<div class=\"flex_column av_one_fourth  flex_column_div av-zero-column-padding\" style='border-radius:0px; '><p><div class='avia-image-container  av-styling-no-styling av-hover-grow   avia-align-center'  itemscope=\"itemscope\" itemtype=\"https:\/\/schema.org\/ImageObject\"  ><div class='avia-image-container-inner'><a href='https:\/\/konfigurator.knaustabbert.de\/configurator\/tab\/de?lang=de&amp;buildTypeKey=CARAVAN&amp;modelKey=W21-TAB-MJ21' class='avia_image'   target=\"_blank\" ><img class='avia_image' src='https:\/\/www.reisemobile-kusz.de\/wp-content\/uploads\/csm_knaustabbert-brands-overview-tab_17efb4969b-845x684.jpg' alt='' title='csm_knaustabbert-brands-overview-tab_17efb4969b'  itemprop=\"thumbnailUrl\"  \/><\/a><\/div><\/div><br \/>\n<div style='height:1px; margin-top:-50px'  class='hr hr-invisible'><span class='hr-inner' ><span class='hr-inner-style'><\/span><\/span><\/div><\/p><\/div>\n\n\n<div style='height:100px' class='hr hr-invisible'><span class='hr-inner' ><span class='hr-inner-style'><\/span><\/span><\/div>\n\n\n<div class=\"flex_column av_one_fifth  flex_column_div av-zero-column-padding first\" style='border-radius:0px; '><\/div>\n\n\n<div class=\"flex_column av_one_fifth  flex_column_div\" style='padding:40px; border-radius:0px; '><\/div>\n\n\n\n\n\n\n\n\n\n<hr class=\"wp-block-separator\"\/>","protected":false},"excerpt":{"rendered":"","protected":false},"author":1,"featured_media":0,"parent":0,"menu_order":0,"comment_status":"closed","ping_status":"closed","template":"","meta":{"content-type":"","_monsterinsights_skip_tracking":false,"_monsterinsights_sitenote_active":false,"_monsterinsights_sitenote_note":"","_monsterinsights_sitenote_category":0,"footnotes":""},"class_list":["post-2010","page","type-page","status-publish","hentry"],"yoast_head":"<!-- This site is optimized with the Yoast SEO plugin v27.3 - https:\/\/yoast.com\/product\/yoast-seo-wordpress\/ -->\n<title>Reisemobile Kusz - Ihr Caravan-Fachh\u00e4ndler in G\u00f6ttingen n\u00e4he Kassel<\/title>\n<meta name=\"description\" content=\"Willkommen bei Reisemobile Kusz \u2013 bei uns finden Sie gebrauchte und neue Wohnmobile\/Wohnwagen sowie Vermietung, Campingzubeh\u00f6r und Werkstatt-Service.\" \/>\n<meta name=\"robots\" content=\"index, follow, max-snippet:-1, max-image-preview:large, max-video-preview:-1\" \/>\n<link rel=\"canonical\" href=\"https:\/\/www.reisemobile-kusz.de\/en\/konfigurator\/\" \/>\n<meta property=\"og:locale\" content=\"en_US\" \/>\n<meta property=\"og:type\" content=\"article\" \/>\n<meta property=\"og:title\" content=\"Reisemobile Kusz - Ihr Caravan-Fachh\u00e4ndler in G\u00f6ttingen n\u00e4he Kassel\" \/>\n<meta property=\"og:description\" content=\"Willkommen bei Reisemobile Kusz \u2013 bei uns finden Sie gebrauchte und neue Wohnmobile\/Wohnwagen sowie Vermietung, Campingzubeh\u00f6r und Werkstatt-Service.\" \/>\n<meta property=\"og:url\" content=\"https:\/\/www.reisemobile-kusz.de\/en\/konfigurator\/\" \/>\n<meta property=\"og:site_name\" content=\"Reisemobile Kusz\" \/>\n<meta property=\"article:publisher\" content=\"https:\/\/www.facebook.com\/ReisemobileKusz\/\" \/>\n<meta property=\"article:modified_time\" content=\"2022-05-02T16:59:25+00:00\" \/>\n<meta name=\"twitter:card\" content=\"summary_large_image\" \/>\n<meta name=\"twitter:label1\" content=\"Est. reading time\" \/>\n\t<meta name=\"twitter:data1\" content=\"5 minutes\" \/>\n<script type=\"application\/ld+json\" class=\"yoast-schema-graph\">{\"@context\":\"https:\\\/\\\/schema.org\",\"@graph\":[{\"@type\":\"WebPage\",\"@id\":\"https:\\\/\\\/www.reisemobile-kusz.de\\\/en\\\/konfigurator\\\/\",\"url\":\"https:\\\/\\\/www.reisemobile-kusz.de\\\/en\\\/konfigurator\\\/\",\"name\":\"Reisemobile Kusz - Ihr Caravan-Fachh\u00e4ndler in G\u00f6ttingen n\u00e4he Kassel\",\"isPartOf\":{\"@id\":\"https:\\\/\\\/www.reisemobile-kusz.de\\\/#website\"},\"datePublished\":\"2021-01-26T10:10:43+00:00\",\"dateModified\":\"2022-05-02T16:59:25+00:00\",\"description\":\"Willkommen bei Reisemobile Kusz \u2013 bei uns finden Sie gebrauchte und neue Wohnmobile\\\/Wohnwagen sowie Vermietung, Campingzubeh\u00f6r und Werkstatt-Service.\",\"breadcrumb\":{\"@id\":\"https:\\\/\\\/www.reisemobile-kusz.de\\\/en\\\/konfigurator\\\/#breadcrumb\"},\"inLanguage\":\"en-US\",\"potentialAction\":[{\"@type\":\"ReadAction\",\"target\":[\"https:\\\/\\\/www.reisemobile-kusz.de\\\/en\\\/konfigurator\\\/\"]}]},{\"@type\":\"BreadcrumbList\",\"@id\":\"https:\\\/\\\/www.reisemobile-kusz.de\\\/en\\\/konfigurator\\\/#breadcrumb\",\"itemListElement\":[{\"@type\":\"ListItem\",\"position\":1,\"name\":\"Home\",\"item\":\"https:\\\/\\\/www.reisemobile-kusz.de\\\/home\\\/\"},{\"@type\":\"ListItem\",\"position\":2,\"name\":\"Konfigurator\"}]},{\"@type\":\"WebSite\",\"@id\":\"https:\\\/\\\/www.reisemobile-kusz.de\\\/#website\",\"url\":\"https:\\\/\\\/www.reisemobile-kusz.de\\\/\",\"name\":\"Reisemobile Kusz\",\"description\":\"Ihr Caravan Spezialist aus G\u00f6ttingen - Verkauf, Vermietung &amp; Shop\",\"publisher\":{\"@id\":\"https:\\\/\\\/www.reisemobile-kusz.de\\\/#organization\"},\"potentialAction\":[{\"@type\":\"SearchAction\",\"target\":{\"@type\":\"EntryPoint\",\"urlTemplate\":\"https:\\\/\\\/www.reisemobile-kusz.de\\\/?s={search_term_string}\"},\"query-input\":{\"@type\":\"PropertyValueSpecification\",\"valueRequired\":true,\"valueName\":\"search_term_string\"}}],\"inLanguage\":\"en-US\"},{\"@type\":\"Organization\",\"@id\":\"https:\\\/\\\/www.reisemobile-kusz.de\\\/#organization\",\"name\":\"Reisemobile Kusz\",\"url\":\"https:\\\/\\\/www.reisemobile-kusz.de\\\/\",\"logo\":{\"@type\":\"ImageObject\",\"inLanguage\":\"en-US\",\"@id\":\"https:\\\/\\\/www.reisemobile-kusz.de\\\/#\\\/schema\\\/logo\\\/image\\\/\",\"url\":\"https:\\\/\\\/www.reisemobile-kusz.de\\\/wp-content\\\/uploads\\\/Untitled-design-2.png\",\"contentUrl\":\"https:\\\/\\\/www.reisemobile-kusz.de\\\/wp-content\\\/uploads\\\/Untitled-design-2.png\",\"width\":450,\"height\":300,\"caption\":\"Reisemobile Kusz\"},\"image\":{\"@id\":\"https:\\\/\\\/www.reisemobile-kusz.de\\\/#\\\/schema\\\/logo\\\/image\\\/\"},\"sameAs\":[\"https:\\\/\\\/www.facebook.com\\\/ReisemobileKusz\\\/\"]}]}<\/script>\n<!-- \/ Yoast SEO plugin. -->","yoast_head_json":{"title":"Reisemobile Kusz - Ihr Caravan-Fachh\u00e4ndler in G\u00f6ttingen n\u00e4he Kassel","description":"Willkommen bei Reisemobile Kusz \u2013 bei uns finden Sie gebrauchte und neue Wohnmobile\/Wohnwagen sowie Vermietung, Campingzubeh\u00f6r und Werkstatt-Service.","robots":{"index":"index","follow":"follow","max-snippet":"max-snippet:-1","max-image-preview":"max-image-preview:large","max-video-preview":"max-video-preview:-1"},"canonical":"https:\/\/www.reisemobile-kusz.de\/en\/konfigurator\/","og_locale":"en_US","og_type":"article","og_title":"Reisemobile Kusz - Ihr Caravan-Fachh\u00e4ndler in G\u00f6ttingen n\u00e4he Kassel","og_description":"Willkommen bei Reisemobile Kusz \u2013 bei uns finden Sie gebrauchte und neue Wohnmobile\/Wohnwagen sowie Vermietung, Campingzubeh\u00f6r und Werkstatt-Service.","og_url":"https:\/\/www.reisemobile-kusz.de\/en\/konfigurator\/","og_site_name":"Reisemobile Kusz","article_publisher":"https:\/\/www.facebook.com\/ReisemobileKusz\/","article_modified_time":"2022-05-02T16:59:25+00:00","twitter_card":"summary_large_image","twitter_misc":{"Est. reading time":"5 minutes"},"schema":{"@context":"https:\/\/schema.org","@graph":[{"@type":"WebPage","@id":"https:\/\/www.reisemobile-kusz.de\/en\/konfigurator\/","url":"https:\/\/www.reisemobile-kusz.de\/en\/konfigurator\/","name":"Reisemobile Kusz - Ihr Caravan-Fachh\u00e4ndler in G\u00f6ttingen n\u00e4he Kassel","isPartOf":{"@id":"https:\/\/www.reisemobile-kusz.de\/#website"},"datePublished":"2021-01-26T10:10:43+00:00","dateModified":"2022-05-02T16:59:25+00:00","description":"Willkommen bei Reisemobile Kusz \u2013 bei uns finden Sie gebrauchte und neue Wohnmobile\/Wohnwagen sowie Vermietung, Campingzubeh\u00f6r und Werkstatt-Service.","breadcrumb":{"@id":"https:\/\/www.reisemobile-kusz.de\/en\/konfigurator\/#breadcrumb"},"inLanguage":"en-US","potentialAction":[{"@type":"ReadAction","target":["https:\/\/www.reisemobile-kusz.de\/en\/konfigurator\/"]}]},{"@type":"BreadcrumbList","@id":"https:\/\/www.reisemobile-kusz.de\/en\/konfigurator\/#breadcrumb","itemListElement":[{"@type":"ListItem","position":1,"name":"Home","item":"https:\/\/www.reisemobile-kusz.de\/home\/"},{"@type":"ListItem","position":2,"name":"Konfigurator"}]},{"@type":"WebSite","@id":"https:\/\/www.reisemobile-kusz.de\/#website","url":"https:\/\/www.reisemobile-kusz.de\/","name":"Reisemobile Kusz","description":"Ihr Caravan Spezialist aus G\u00f6ttingen - Verkauf, Vermietung &amp; Shop","publisher":{"@id":"https:\/\/www.reisemobile-kusz.de\/#organization"},"potentialAction":[{"@type":"SearchAction","target":{"@type":"EntryPoint","urlTemplate":"https:\/\/www.reisemobile-kusz.de\/?s={search_term_string}"},"query-input":{"@type":"PropertyValueSpecification","valueRequired":true,"valueName":"search_term_string"}}],"inLanguage":"en-US"},{"@type":"Organization","@id":"https:\/\/www.reisemobile-kusz.de\/#organization","name":"Reisemobile Kusz","url":"https:\/\/www.reisemobile-kusz.de\/","logo":{"@type":"ImageObject","inLanguage":"en-US","@id":"https:\/\/www.reisemobile-kusz.de\/#\/schema\/logo\/image\/","url":"https:\/\/www.reisemobile-kusz.de\/wp-content\/uploads\/Untitled-design-2.png","contentUrl":"https:\/\/www.reisemobile-kusz.de\/wp-content\/uploads\/Untitled-design-2.png","width":450,"height":300,"caption":"Reisemobile Kusz"},"image":{"@id":"https:\/\/www.reisemobile-kusz.de\/#\/schema\/logo\/image\/"},"sameAs":["https:\/\/www.facebook.com\/ReisemobileKusz\/"]}]}},"_links":{"self":[{"href":"https:\/\/www.reisemobile-kusz.de\/en\/wp-json\/wp\/v2\/pages\/2010","targetHints":{"allow":["GET"]}}],"collection":[{"href":"https:\/\/www.reisemobile-kusz.de\/en\/wp-json\/wp\/v2\/pages"}],"about":[{"href":"https:\/\/www.reisemobile-kusz.de\/en\/wp-json\/wp\/v2\/types\/page"}],"author":[{"embeddable":true,"href":"https:\/\/www.reisemobile-kusz.de\/en\/wp-json\/wp\/v2\/users\/1"}],"replies":[{"embeddable":true,"href":"https:\/\/www.reisemobile-kusz.de\/en\/wp-json\/wp\/v2\/comments?post=2010"}],"version-history":[{"count":59,"href":"https:\/\/www.reisemobile-kusz.de\/en\/wp-json\/wp\/v2\/pages\/2010\/revisions"}],"predecessor-version":[{"id":2394,"href":"https:\/\/www.reisemobile-kusz.de\/en\/wp-json\/wp\/v2\/pages\/2010\/revisions\/2394"}],"wp:attachment":[{"href":"https:\/\/www.reisemobile-kusz.de\/en\/wp-json\/wp\/v2\/media?parent=2010"}],"curies":[{"name":"wp","href":"https:\/\/api.w.org\/{rel}","templated":true}]}}